{"id":34,"date":"2021-09-30T16:59:51","date_gmt":"2021-09-30T14:59:51","guid":{"rendered":"https:\/\/www.le-palmier-montigny.com\/?page_id=34"},"modified":"2023-03-08T01:00:28","modified_gmt":"2023-03-08T00:00:28","slug":"desserts","status":"publish","type":"page","link":"https:\/\/www.le-palmier-montigny.com\/index.php\/desserts","title":{"rendered":"DESSERTS"},"content":{"rendered":"<p>&nbsp;<\/p>\n<h2 id=\"tablepress-17-name\" class=\"tablepress-table-name tablepress-table-name-id-17\">Nos cr\u00e8mes glac\u00e9es et nos sorbets plein fruit<\/h2>\n\n<table id=\"tablepress-17\" class=\"tablepress tablepress-id-17 tbody-has-connected-cells\" aria-labelledby=\"tablepress-17-name\">\n<tbody>\n<tr class=\"row-1\">\n\t<td colspan=\"2\" class=\"column-1\"><p style=\"text-align: center;\"><img loading=\"lazy\" decoding=\"async\" src=\"https:\/\/www.le-palmier-montigny.com\/wp-content\/uploads\/2023\/03\/boule_par-2.jpg\" alt=\"\" width=\"200\" height=\"200\" class=\"aligncenter size-full wp-image-444\" srcset=\"https:\/\/www.le-palmier-montigny.com\/wp-content\/uploads\/2023\/03\/boule_par-2.jpg 200w, https:\/\/www.le-palmier-montigny.com\/wp-content\/uploads\/2023\/03\/boule_par-2-150x150.jpg 150w, https:\/\/www.le-palmier-montigny.com\/wp-content\/uploads\/2023\/03\/boule_par-2-144x144.jpg 144w\" sizes=\"(max-width: 200px) 100vw, 200px\" \/><\/p><br \/>\n<h4 style=\"text-align: center;\">Coupe 2 boules<br \/>\n4,50 \u20ac<\/h4><\/td><td colspan=\"2\" class=\"column-3\"><p style=\"text-align: center;\"><img loading=\"lazy\" decoding=\"async\" src=\"https:\/\/www.le-palmier-montigny.com\/wp-content\/uploads\/2023\/03\/boule_par-3.jpg\" alt=\"\" width=\"200\" height=\"200\" class=\"aligncenter size-full wp-image-445\" srcset=\"https:\/\/www.le-palmier-montigny.com\/wp-content\/uploads\/2023\/03\/boule_par-3.jpg 200w, https:\/\/www.le-palmier-montigny.com\/wp-content\/uploads\/2023\/03\/boule_par-3-150x150.jpg 150w, https:\/\/www.le-palmier-montigny.com\/wp-content\/uploads\/2023\/03\/boule_par-3-144x144.jpg 144w\" sizes=\"(max-width: 200px) 100vw, 200px\" \/><\/p><br \/>\n<h4 style=\"text-align: center;\">Coupe 3 boules<br \/>\n5,50 \u20ac<\/h4><\/td>\n<\/tr>\n<tr class=\"row-2\">\n\t<td colspan=\"4\" class=\"column-1\"><h3>Nos cr\u00e8mes glac\u00e9es<\/h3><\/td>\n<\/tr>\n<tr class=\"row-3\">\n\t<td class=\"column-1\"><img loading=\"lazy\" decoding=\"async\" src=\"https:\/\/www.le-palmier-montigny.com\/wp-content\/uploads\/2023\/03\/creme-glacee_cafe-150x150.jpg\" alt=\"\" width=\"150\" height=\"150\" class=\"alignleft size-thumbnail wp-image-448\" srcset=\"https:\/\/www.le-palmier-montigny.com\/wp-content\/uploads\/2023\/03\/creme-glacee_cafe-150x150.jpg 150w, https:\/\/www.le-palmier-montigny.com\/wp-content\/uploads\/2023\/03\/creme-glacee_cafe-144x144.jpg 144w\" sizes=\"(max-width: 150px) 100vw, 150px\" \/><br \/>\n<p><strong>Caf\u00e9<\/strong><br \/>\navec du caf\u00e9 Arabica de Colombie<\/p><\/td><td class=\"column-2\"><img loading=\"lazy\" decoding=\"async\" src=\"https:\/\/www.le-palmier-montigny.com\/wp-content\/uploads\/2023\/03\/creme-glacee_caramel-150x150.jpg\" alt=\"\" width=\"150\" height=\"150\" class=\"alignleft size-thumbnail wp-image-451\" srcset=\"https:\/\/www.le-palmier-montigny.com\/wp-content\/uploads\/2023\/03\/creme-glacee_caramel-150x150.jpg 150w, https:\/\/www.le-palmier-montigny.com\/wp-content\/uploads\/2023\/03\/creme-glacee_caramel-144x144.jpg 144w\" sizes=\"(max-width: 150px) 100vw, 150px\" \/><br \/>\n<p><strong>Caramel \u00e0 la Fleur de sel<\/strong><br \/>\nfleur de sel de Camargue avec morceaux de caramel<\/p><\/td><td class=\"column-3\"><img loading=\"lazy\" decoding=\"async\" src=\"https:\/\/www.le-palmier-montigny.com\/wp-content\/uploads\/2023\/03\/creme-glacee_chocolat-lait-150x150.jpg\" alt=\"\" width=\"150\" height=\"150\" class=\"alignleft size-thumbnail wp-image-452\" srcset=\"https:\/\/www.le-palmier-montigny.com\/wp-content\/uploads\/2023\/03\/creme-glacee_chocolat-lait-150x150.jpg 150w, https:\/\/www.le-palmier-montigny.com\/wp-content\/uploads\/2023\/03\/creme-glacee_chocolat-lait-144x144.jpg 144w\" sizes=\"(max-width: 150px) 100vw, 150px\" \/><br \/>\n<p><strong>Chocolat au lait<\/strong><br \/>\navec des morceaux de chocolat au lait<\/p><\/td><td class=\"column-4\"><img loading=\"lazy\" decoding=\"async\" src=\"https:\/\/www.le-palmier-montigny.com\/wp-content\/uploads\/2023\/03\/creme-glacee_fraise-150x150.jpg\" alt=\"\" width=\"150\" height=\"150\" class=\"alignleft size-thumbnail wp-image-453\" srcset=\"https:\/\/www.le-palmier-montigny.com\/wp-content\/uploads\/2023\/03\/creme-glacee_fraise-150x150.jpg 150w, https:\/\/www.le-palmier-montigny.com\/wp-content\/uploads\/2023\/03\/creme-glacee_fraise-144x144.jpg 144w\" sizes=\"(max-width: 150px) 100vw, 150px\" \/><br \/>\n<p><strong>Fraise<\/strong><br \/>\navec des morceaux de fraise<\/p><\/td>\n<\/tr>\n<tr class=\"row-4\">\n\t<td class=\"column-1\"><img loading=\"lazy\" decoding=\"async\" src=\"https:\/\/www.le-palmier-montigny.com\/wp-content\/uploads\/2023\/03\/creme-glacee_marron-150x150.jpg\" alt=\"\" width=\"150\" height=\"150\" class=\"aligncenter size-thumbnail wp-image-462\" srcset=\"https:\/\/www.le-palmier-montigny.com\/wp-content\/uploads\/2023\/03\/creme-glacee_marron-150x150.jpg 150w, https:\/\/www.le-palmier-montigny.com\/wp-content\/uploads\/2023\/03\/creme-glacee_marron-144x144.jpg 144w\" sizes=\"(max-width: 150px) 100vw, 150px\" \/><br \/>\n<p><strong>Marron<\/strong><br \/>\navec des morceaux de marron<\/p><\/td><td class=\"column-2\"><img loading=\"lazy\" decoding=\"async\" src=\"https:\/\/www.le-palmier-montigny.com\/wp-content\/uploads\/2023\/03\/creme-glacee_menthe-150x150.jpg\" alt=\"\" width=\"150\" height=\"150\" class=\"aligncenter size-thumbnail wp-image-463\" srcset=\"https:\/\/www.le-palmier-montigny.com\/wp-content\/uploads\/2023\/03\/creme-glacee_menthe-150x150.jpg 150w, https:\/\/www.le-palmier-montigny.com\/wp-content\/uploads\/2023\/03\/creme-glacee_menthe-144x144.jpg 144w\" sizes=\"(max-width: 150px) 100vw, 150px\" \/><br \/>\n<p><strong>Menthe<\/strong><br \/>\navec des \u00e9clats de chocolat noir<\/p><\/td><td class=\"column-3\"><img loading=\"lazy\" decoding=\"async\" src=\"https:\/\/www.le-palmier-montigny.com\/wp-content\/uploads\/2023\/03\/creme-glacee_noix-coco-150x150.jpg\" alt=\"\" width=\"150\" height=\"150\" class=\"aligncenter size-thumbnail wp-image-464\" srcset=\"https:\/\/www.le-palmier-montigny.com\/wp-content\/uploads\/2023\/03\/creme-glacee_noix-coco-150x150.jpg 150w, https:\/\/www.le-palmier-montigny.com\/wp-content\/uploads\/2023\/03\/creme-glacee_noix-coco-144x144.jpg 144w\" sizes=\"(max-width: 150px) 100vw, 150px\" \/><br \/>\n<p><strong>Noix de Coco<\/strong><br \/>\navec de la noix de coco r\u00e2p\u00e9e<\/p><\/td><td class=\"column-4\"><img loading=\"lazy\" decoding=\"async\" src=\"https:\/\/www.le-palmier-montigny.com\/wp-content\/uploads\/2023\/03\/creme-glacee_nougat-150x150.jpg\" alt=\"\" width=\"150\" height=\"150\" class=\"aligncenter size-thumbnail wp-image-465\" srcset=\"https:\/\/www.le-palmier-montigny.com\/wp-content\/uploads\/2023\/03\/creme-glacee_nougat-150x150.jpg 150w, https:\/\/www.le-palmier-montigny.com\/wp-content\/uploads\/2023\/03\/creme-glacee_nougat-144x144.jpg 144w\" sizes=\"(max-width: 150px) 100vw, 150px\" \/><br \/>\n<p><strong>Nougat<\/strong><br \/>\navec des morceaux de nougat de Mont\u00e9limar<\/p><\/td>\n<\/tr>\n<tr class=\"row-5\">\n\t<td class=\"column-1\"><img loading=\"lazy\" decoding=\"async\" src=\"https:\/\/www.le-palmier-montigny.com\/wp-content\/uploads\/2023\/03\/creme-glacee_pistache-150x150.jpg\" alt=\"\" width=\"150\" height=\"150\" class=\"aligncenter size-thumbnail wp-image-466\" srcset=\"https:\/\/www.le-palmier-montigny.com\/wp-content\/uploads\/2023\/03\/creme-glacee_pistache-150x150.jpg 150w, https:\/\/www.le-palmier-montigny.com\/wp-content\/uploads\/2023\/03\/creme-glacee_pistache-144x144.jpg 144w\" sizes=\"(max-width: 150px) 100vw, 150px\" \/><br \/>\n<p><strong>Pistache<\/strong><br \/>\navec des \u00e9clats de pistache de Californie grill\u00e9s<p><\/td><td class=\"column-2\"><img loading=\"lazy\" decoding=\"async\" src=\"https:\/\/www.le-palmier-montigny.com\/wp-content\/uploads\/2023\/03\/creme-glacee_rhum-raisin-150x150.jpg\" alt=\"\" width=\"150\" height=\"150\" class=\"aligncenter size-thumbnail wp-image-467\" srcset=\"https:\/\/www.le-palmier-montigny.com\/wp-content\/uploads\/2023\/03\/creme-glacee_rhum-raisin-150x150.jpg 150w, https:\/\/www.le-palmier-montigny.com\/wp-content\/uploads\/2023\/03\/creme-glacee_rhum-raisin-144x144.jpg 144w\" sizes=\"(max-width: 150px) 100vw, 150px\" \/><br \/>\n<p><strong>Rhum-Raisins<\/strong><br \/>\nau rhum des Antilles fran\u00e7aises, avec des raisins mac\u00e9r\u00e9s au rhum<\/p<\/td><td class=\"column-3\"><img loading=\"lazy\" decoding=\"async\" src=\"https:\/\/www.le-palmier-montigny.com\/wp-content\/uploads\/2023\/03\/creme-glacee_tentation-meri-150x150.jpg\" alt=\"\" width=\"150\" height=\"150\" class=\"aligncenter size-thumbnail wp-image-468\" srcset=\"https:\/\/www.le-palmier-montigny.com\/wp-content\/uploads\/2023\/03\/creme-glacee_tentation-meri-150x150.jpg 150w, https:\/\/www.le-palmier-montigny.com\/wp-content\/uploads\/2023\/03\/creme-glacee_tentation-meri-144x144.jpg 144w\" sizes=\"(max-width: 150px) 100vw, 150px\" \/><br \/>\n<p>T<strong>entation Meringu\u00e9e<br \/>\nVanille Framboise<\/strong><br \/>\nmorceaux de meringue enrob\u00e9s de chocolat blanc<\/p><\/td><td class=\"column-4\"><img loading=\"lazy\" decoding=\"async\" src=\"https:\/\/www.le-palmier-montigny.com\/wp-content\/uploads\/2023\/03\/creme-glacee_vanille-bourbo-150x150.jpg\" alt=\"\" width=\"150\" height=\"150\" class=\"aligncenter size-thumbnail wp-image-469\" srcset=\"https:\/\/www.le-palmier-montigny.com\/wp-content\/uploads\/2023\/03\/creme-glacee_vanille-bourbo-150x150.jpg 150w, https:\/\/www.le-palmier-montigny.com\/wp-content\/uploads\/2023\/03\/creme-glacee_vanille-bourbo-144x144.jpg 144w\" sizes=\"(max-width: 150px) 100vw, 150px\" \/><br \/>\n<p><strong>Vanille Bourbon<br \/>\nde Madagascar<\/strong><br \/>\n\u00e0 l'extrait de vanille de Madagascar<\/td>\n<\/tr>\n<tr class=\"row-6\">\n\t<td colspan=\"4\" class=\"column-1\"><h3>Nos sorbets plein fruit<\/h3><\/td>\n<\/tr>\n<tr class=\"row-7\">\n\t<td class=\"column-1\"><img loading=\"lazy\" decoding=\"async\" src=\"https:\/\/www.le-palmier-montigny.com\/wp-content\/uploads\/2023\/03\/sorbet_cassis-150x150.jpg\" alt=\"\" width=\"150\" height=\"150\" class=\"aligncenter size-thumbnail wp-image-473\" srcset=\"https:\/\/www.le-palmier-montigny.com\/wp-content\/uploads\/2023\/03\/sorbet_cassis-150x150.jpg 150w, https:\/\/www.le-palmier-montigny.com\/wp-content\/uploads\/2023\/03\/sorbet_cassis-144x144.jpg 144w\" sizes=\"(max-width: 150px) 100vw, 150px\" \/><br \/>\n<p><strong>Cassis<\/strong><br \/>\navec des baies de cassis<p><\/td><td class=\"column-2\"><img loading=\"lazy\" decoding=\"async\" src=\"https:\/\/www.le-palmier-montigny.com\/wp-content\/uploads\/2023\/03\/sorbet_citron-vert-150x150.jpg\" alt=\"\" width=\"150\" height=\"150\" class=\"aligncenter size-thumbnail wp-image-474\" srcset=\"https:\/\/www.le-palmier-montigny.com\/wp-content\/uploads\/2023\/03\/sorbet_citron-vert-150x150.jpg 150w, https:\/\/www.le-palmier-montigny.com\/wp-content\/uploads\/2023\/03\/sorbet_citron-vert-144x144.jpg 144w\" sizes=\"(max-width: 150px) 100vw, 150px\" \/><br \/>\n<p><strong>Citron Vert<\/strong><br \/>\navec des zestes de citron vert<\/p><\/td><td class=\"column-3\"><img loading=\"lazy\" decoding=\"async\" src=\"https:\/\/www.le-palmier-montigny.com\/wp-content\/uploads\/2023\/03\/sorbet_framboise-150x150.jpg\" alt=\"\" width=\"150\" height=\"150\" class=\"aligncenter size-thumbnail wp-image-475\" srcset=\"https:\/\/www.le-palmier-montigny.com\/wp-content\/uploads\/2023\/03\/sorbet_framboise-150x150.jpg 150w, https:\/\/www.le-palmier-montigny.com\/wp-content\/uploads\/2023\/03\/sorbet_framboise-144x144.jpg 144w\" sizes=\"(max-width: 150px) 100vw, 150px\" \/><br \/>\n<p><strong>Framboise<\/strong><br \/>\navec des morceaux de framboise<\/p><\/td><td class=\"column-4\"><img loading=\"lazy\" decoding=\"async\" src=\"https:\/\/www.le-palmier-montigny.com\/wp-content\/uploads\/2023\/03\/sorbet_peche-mediterranee-150x150.jpg\" alt=\"\" width=\"150\" height=\"150\" class=\"aligncenter size-thumbnail wp-image-476\" srcset=\"https:\/\/www.le-palmier-montigny.com\/wp-content\/uploads\/2023\/03\/sorbet_peche-mediterranee-150x150.jpg 150w, https:\/\/www.le-palmier-montigny.com\/wp-content\/uploads\/2023\/03\/sorbet_peche-mediterranee-144x144.jpg 144w\" sizes=\"(max-width: 150px) 100vw, 150px\" \/><br \/>\n<p><strong>P\u00eache de M\u00e9diterran\u00e9e<\/strong><br \/>\navec des morceaux de p\u00eache de m\u00e9diterran\u00e9e<\/p><\/td>\n<\/tr>\n<tr class=\"row-8\">\n\t<td class=\"column-1\"><img loading=\"lazy\" decoding=\"async\" src=\"https:\/\/www.le-palmier-montigny.com\/wp-content\/uploads\/2023\/03\/sorbet_poire-150x150.jpg\" alt=\"\" width=\"150\" height=\"150\" class=\"aligncenter size-thumbnail wp-image-477\" srcset=\"https:\/\/www.le-palmier-montigny.com\/wp-content\/uploads\/2023\/03\/sorbet_poire-150x150.jpg 150w, https:\/\/www.le-palmier-montigny.com\/wp-content\/uploads\/2023\/03\/sorbet_poire-144x144.jpg 144w\" sizes=\"(max-width: 150px) 100vw, 150px\" \/><br \/>\n<p><strong>Poire<\/strong><br \/>\navec des morceaux de poire Williams<\/td><td class=\"column-2\"><\/td><td class=\"column-3\"><\/td><td class=\"column-4\"><\/td>\n<\/tr>\n<\/tbody>\n<\/table>\n<!-- #tablepress-17 from cache -->\n<p><img loading=\"lazy\" decoding=\"async\" class=\"size-full wp-image-235 alignleft\" src=\"https:\/\/www.le-palmier-montigny.com\/wp-content\/uploads\/2022\/05\/logo_carte-d-or.jpg\" alt=\"\" width=\"53\" height=\"40\" \/><br \/>\nNotre maison a s\u00e9lectionn\u00e9 les glaces et les sorbets Carte d&rsquo;Or<\/p>\n<p>&nbsp;<\/p>\n<h2 id=\"tablepress-18-name\" class=\"tablepress-table-name tablepress-table-name-id-18\">Nos coupes glac\u00e9es<\/h2>\n\n<table id=\"tablepress-18\" class=\"tablepress tablepress-id-18\" aria-labelledby=\"tablepress-18-name\">\n<tbody>\n<tr class=\"row-1\">\n\t<td class=\"column-1\"><p style=\"text-align: center;\"><img loading=\"lazy\" decoding=\"async\" src=\"https:\/\/www.le-palmier-montigny.com\/wp-content\/uploads\/2023\/03\/coupe-glacee_liegeois.jpg\" alt=\"\" width=\"250\" height=\"288\" class=\"aligncenter size-full wp-image-481\" \/><\/p><br \/>\n<h4 style=\"text-align: center;\">Les Liegeois<br \/>\n6,50 \u20ac<\/h4><br \/>\n<p style=\"text-align: center;\">Caf\u00e9 ou Chocolat, vanille<\/p><\/td><td class=\"column-2\"><p style=\"text-align: center;\"><img loading=\"lazy\" decoding=\"async\" src=\"https:\/\/www.le-palmier-montigny.com\/wp-content\/uploads\/2023\/03\/coupe-glacee_dame-blanche.jpg\" alt=\"\" width=\"250\" height=\"288\" class=\"aligncenter size-full wp-image-484\" \/><\/p><br \/>\n<h4 style=\"text-align: center;\">Dame Blanche<br \/>\n6,50 \u20ac<\/h4><br \/>\n<p style=\"text-align: center;\">Vanille<\/p><\/td><td class=\"column-3\"><p style=\"text-align: center;\"><img loading=\"lazy\" decoding=\"async\" src=\"https:\/\/www.le-palmier-montigny.com\/wp-content\/uploads\/2023\/03\/coupe-glacee_caramel.jpg\" alt=\"\" width=\"250\" height=\"288\" class=\"aligncenter size-full wp-image-492\" \/><\/p><br \/>\n<h4 style=\"text-align: center;\">Coupe Caramel<br \/>\n6,50 \u20ac<\/h4><br \/>\n<p style=\"text-align: center;\">Caramel Fleur de Sel<\/p><\/td>\n<\/tr>\n<\/tbody>\n<\/table>\n<!-- #tablepress-18 from cache -->\n<p>&nbsp;<\/p>\n<h2 id=\"tablepress-19-name\" class=\"tablepress-table-name tablepress-table-name-id-19\">Nos coupes alcoolis\u00e9es<\/h2>\n\n<table id=\"tablepress-19\" class=\"tablepress tablepress-id-19\" aria-labelledby=\"tablepress-19-name\">\n<tbody>\n<tr class=\"row-1\">\n\t<td class=\"column-1\"><p style=\"text-align: center;\"><img loading=\"lazy\" decoding=\"async\" src=\"https:\/\/www.le-palmier-montigny.com\/wp-content\/uploads\/2023\/03\/coupe-alcoolisee_royal-poire.jpg\" alt=\"\" width=\"188\" height=\"300\" class=\"aligncenter size-full wp-image-496\" \/><\/p><br \/>\n<h4 style=\"text-align: center;\">Royal Poire<br \/>\n7,00 \u20ac<\/h4><br \/>\n<p style=\"text-align: center;\">Poire avec alccol de poire *<\/p><\/td><td class=\"column-2\"><p style=\"text-align: center;\"><img loading=\"lazy\" decoding=\"async\" src=\"https:\/\/www.le-palmier-montigny.com\/wp-content\/uploads\/2023\/03\/coupe-alcoolisee_iceberg.jpg\" alt=\"\" width=\"188\" height=\"300\" class=\"aligncenter size-full wp-image-497\" \/><\/p><br \/>\n<h4 style=\"text-align: center;\">Iceberg<br \/>\n7,00 \u20ac<\/h4><br \/>\n<p style=\"text-align: center;\">Chocolat noir, menthe, Peppermint *<\/p><\/td><td class=\"column-3\"><p style=\"text-align: center;\"><img loading=\"lazy\" decoding=\"async\" src=\"https:\/\/www.le-palmier-montigny.com\/wp-content\/uploads\/2023\/03\/coupe-alcoolisee_colonel.jpg\" alt=\"\" width=\"188\" height=\"300\" class=\"aligncenter size-full wp-image-498\" \/><\/p><br \/>\n<h4 style=\"text-align: center;\">Colonel<br \/>\n7,00 \u20ac<\/h4><br \/>\n<p style=\"text-align: center;\">Citron avec Vodka *<\/p><\/td>\n<\/tr>\n<\/tbody>\n<\/table>\n<!-- #tablepress-19 from cache -->\n<p style=\"text-align: left;\">* l&rsquo;abus d&rsquo;alcool est dangereux pour la sant\u00e9. A consommer avec mod\u00e9ration.<\/p>\n<p>&nbsp;<\/p>\n<h2 id=\"tablepress-20-name\" class=\"tablepress-table-name tablepress-table-name-id-20\">Nos desserts glac\u00e9s<\/h2>\n\n<table id=\"tablepress-20\" class=\"tablepress tablepress-id-20\" aria-labelledby=\"tablepress-20-name\">\n<tbody>\n<tr class=\"row-1\">\n\t<td class=\"column-1\"><p style=\"text-align: center;\"><br \/>\n<img loading=\"lazy\" decoding=\"async\" src=\"https:\/\/www.le-palmier-montigny.com\/wp-content\/uploads\/2023\/03\/dessert-glace_suspens.jpg\" alt=\"\" width=\"300\" height=\"233\" class=\"aligncenter size-full wp-image-505\" \/><br \/>\n<\/p><br \/>\n<h4 style=\"text-align: center;\">Suspens<br \/>\n6,00 \u20ac<\/h4><\/td><td class=\"column-2\"><p style=\"text-align: center;\"><img loading=\"lazy\" decoding=\"async\" src=\"https:\/\/www.le-palmier-montigny.com\/wp-content\/uploads\/2023\/03\/dessert-glace_orange-givree.jpg\" alt=\"\" width=\"300\" height=\"233\" class=\"aligncenter size-full wp-image-506\" \/><\/p><br \/>\n<h4 style=\"text-align: center;\">Citron ou Orange givr\u00e9s<br \/>\n6,00 \u20ac<\/h4><\/td><td class=\"column-3\"><p style=\"text-align: center;\"><img loading=\"lazy\" decoding=\"async\" src=\"https:\/\/www.le-palmier-montigny.com\/wp-content\/uploads\/2023\/03\/dessert-glace_nougat.jpg\" alt=\"\" width=\"300\" height=\"233\" class=\"aligncenter size-full wp-image-507\" \/><\/p><br \/>\n<h4 style=\"text-align: center;\">Nougat glac\u00e9<br \/>\n6,00 \u20ac<\/h4><\/td>\n<\/tr>\n<tr class=\"row-2\">\n\t<td class=\"column-1\"><p style=\"text-align: center;\"><img loading=\"lazy\" decoding=\"async\" src=\"https:\/\/www.le-palmier-montigny.com\/wp-content\/uploads\/2023\/03\/dessert-glace_tiramisu.jpg\" alt=\"\" width=\"300\" height=\"233\" class=\"aligncenter size-full wp-image-508\" \/><\/p><br \/>\n<h4 style=\"text-align: center;\">Tiramisu glac\u00e9<br \/>\n6,00 \u20ac<\/h4><\/td><td class=\"column-2\"><\/td><td class=\"column-3\"><\/td>\n<\/tr>\n<\/tbody>\n<\/table>\n<!-- #tablepress-20 from cache -->\n<p>&nbsp;<\/p>\n<h2 id=\"tablepress-21-name\" class=\"tablepress-table-name tablepress-table-name-id-21\">Nos desserts<\/h2>\n\n<table id=\"tablepress-21\" class=\"tablepress tablepress-id-21\" aria-labelledby=\"tablepress-21-name\">\n<tbody>\n<tr class=\"row-1\">\n\t<td class=\"column-1\"><p style=\"text-align: center;\"><img loading=\"lazy\" decoding=\"async\" src=\"https:\/\/www.le-palmier-montigny.com\/wp-content\/uploads\/2023\/03\/dessert_ananas.jpg\" alt=\"\" width=\"300\" height=\"233\" class=\"aligncenter size-full wp-image-511\" \/><\/p><br \/>\n<h4 style=\"text-align: center;\">Ananas frais : 6,00 \u20ac<br \/>\nAnanas au Kirsh * : 8,00 \u20ac<\/h4><\/td><td class=\"column-2\"><p style=\"text-align: center;\"><img loading=\"lazy\" decoding=\"async\" src=\"https:\/\/www.le-palmier-montigny.com\/wp-content\/uploads\/2023\/03\/dessert_salade-orange.jpg\" alt=\"\" width=\"300\" height=\"233\" class=\"aligncenter size-full wp-image-512\" \/><\/p><br \/>\n<h4 style=\"text-align: center;\">Salade d'orange<br \/>\n6,00 \u20ac<\/h4><\/td><td class=\"column-3\"><p style=\"text-align: center;\"><img loading=\"lazy\" decoding=\"async\" src=\"https:\/\/www.le-palmier-montigny.com\/wp-content\/uploads\/2023\/03\/dessert_patisseries.jpg\" alt=\"\" width=\"300\" height=\"233\" class=\"aligncenter size-full wp-image-513\" \/><\/p><br \/>\n<h4 style=\"text-align: center;\">P\u00e2tisserie orientale<br \/>\nla pi\u00e8ce : 3,00 \u20ac<\/h4><\/td>\n<\/tr>\n<\/tbody>\n<\/table>\n<!-- #tablepress-21 from cache -->\n<p>&nbsp;<\/p>\n<p>&nbsp;<\/p>\n<p>&nbsp;<\/p>\n","protected":false},"excerpt":{"rendered":"<p>&nbsp; Notre maison a s\u00e9lectionn\u00e9 les glaces et les sorbets Carte d&rsquo;Or &nbsp; &nbsp; * l&rsquo;abus d&rsquo;alcool est dangereux pour la sant\u00e9. A consommer avec mod\u00e9ration. &nbsp; &nbsp; &nbsp; &nbsp; [&hellip;]<\/p>\n","protected":false},"author":1,"featured_media":0,"parent":0,"menu_order":0,"comment_status":"closed","ping_status":"closed","template":"","meta":{"footnotes":""},"_links":{"self":[{"href":"https:\/\/www.le-palmier-montigny.com\/index.php\/wp-json\/wp\/v2\/pages\/34"}],"collection":[{"href":"https:\/\/www.le-palmier-montigny.com\/index.php\/wp-json\/wp\/v2\/pages"}],"about":[{"href":"https:\/\/www.le-palmier-montigny.com\/index.php\/wp-json\/wp\/v2\/types\/page"}],"author":[{"embeddable":true,"href":"https:\/\/www.le-palmier-montigny.com\/index.php\/wp-json\/wp\/v2\/users\/1"}],"replies":[{"embeddable":true,"href":"https:\/\/www.le-palmier-montigny.com\/index.php\/wp-json\/wp\/v2\/comments?post=34"}],"version-history":[{"count":14,"href":"https:\/\/www.le-palmier-montigny.com\/index.php\/wp-json\/wp\/v2\/pages\/34\/revisions"}],"predecessor-version":[{"id":516,"href":"https:\/\/www.le-palmier-montigny.com\/index.php\/wp-json\/wp\/v2\/pages\/34\/revisions\/516"}],"wp:attachment":[{"href":"https:\/\/www.le-palmier-montigny.com\/index.php\/wp-json\/wp\/v2\/media?parent=34"}],"curies":[{"name":"wp","href":"https:\/\/api.w.org\/{rel}","templated":true}]}}