{"id":24,"date":"2021-09-30T16:54:01","date_gmt":"2021-09-30T14:54:01","guid":{"rendered":"https:\/\/www.le-palmier-montigny.com\/?page_id=24"},"modified":"2025-04-24T20:44:31","modified_gmt":"2025-04-24T18:44:31","slug":"plan-acces","status":"publish","type":"page","link":"https:\/\/www.le-palmier-montigny.com\/index.php\/plan-acces","title":{"rendered":"ACCES"},"content":{"rendered":"<p>&nbsp;<\/p>\n<p style=\"text-align: center;\">RESTAURANT LE PALMIER<br \/>\nSp\u00e9cialit\u00e9s orientales<br \/>\n146 boulevard Victor Bordier &#8211; RD 14<br \/>\n95370 MONTIGNY-LES-CORMEILLES<\/p>\n<p style=\"text-align: center;\">T\u00e9l : 01 39 97 74 72<\/p>\n<p style=\"text-align: center;\">Ouvert tous les jours<br \/>\nPlats \u00e0 emporter &#8211; Livraison<\/p>\n<p>&nbsp;<\/p>\n<p>&nbsp;<\/p>\n<p style=\"text-align: center;\"><iframe loading=\"lazy\" style=\"border: 0;\" src=\"https:\/\/www.google.com\/maps\/embed?pb=!1m18!1m12!1m3!1d1308.8730543649363!2d2.1897389569794936!3d48.99638887930126!2m3!1f0!2f0!3f0!3m2!1i1024!2i768!4f13.1!3m3!1m2!1s0x47e660c93ecb4a43%3A0x2ddbb24ed556dc76!2sLe%20Palmier.!5e0!3m2!1sfr!2sfr!4v1652132872474!5m2!1sfr!2sfr\" width=\"600\" height=\"450\" allowfullscreen=\"allowfullscreen\"><\/iframe><\/p>\n","protected":false},"excerpt":{"rendered":"<p>&nbsp; RESTAURANT LE PALMIER Sp\u00e9cialit\u00e9s orientales 146 boulevard Victor Bordier &#8211; RD 14 95370 MONTIGNY-LES-CORMEILLES T\u00e9l : 01 39 97 74 72 Ouvert tous les jours Plats \u00e0 emporter &#8211; [&hellip;]<\/p>\n","protected":false},"author":1,"featured_media":0,"parent":0,"menu_order":0,"comment_status":"closed","ping_status":"closed","template":"","meta":{"footnotes":""},"_links":{"self":[{"href":"https:\/\/www.le-palmier-montigny.com\/index.php\/wp-json\/wp\/v2\/pages\/24"}],"collection":[{"href":"https:\/\/www.le-palmier-montigny.com\/index.php\/wp-json\/wp\/v2\/pages"}],"about":[{"href":"https:\/\/www.le-palmier-montigny.com\/index.php\/wp-json\/wp\/v2\/types\/page"}],"author":[{"embeddable":true,"href":"https:\/\/www.le-palmier-montigny.com\/index.php\/wp-json\/wp\/v2\/users\/1"}],"replies":[{"embeddable":true,"href":"https:\/\/www.le-palmier-montigny.com\/index.php\/wp-json\/wp\/v2\/comments?post=24"}],"version-history":[{"count":8,"href":"https:\/\/www.le-palmier-montigny.com\/index.php\/wp-json\/wp\/v2\/pages\/24\/revisions"}],"predecessor-version":[{"id":542,"href":"https:\/\/www.le-palmier-montigny.com\/index.php\/wp-json\/wp\/v2\/pages\/24\/revisions\/542"}],"wp:attachment":[{"href":"https:\/\/www.le-palmier-montigny.com\/index.php\/wp-json\/wp\/v2\/media?parent=24"}],"curies":[{"name":"wp","href":"https:\/\/api.w.org\/{rel}","templated":true}]}}