{"id":21,"date":"2021-09-30T16:52:51","date_gmt":"2021-09-30T14:52:51","guid":{"rendered":"https:\/\/www.le-palmier-montigny.com\/?page_id=21"},"modified":"2023-02-03T13:56:20","modified_gmt":"2023-02-03T12:56:20","slug":"accueil","status":"publish","type":"page","link":"https:\/\/www.le-palmier-montigny.com\/","title":{"rendered":"ACCUEIL"},"content":{"rendered":"<p>&nbsp;<\/p>\n<h4>Bienvenue<\/h4>\n<p>Le restaurant LE PALMIER vous invite \u00e0 un voyage culinaire et vous serez accueillis avec chaleur dans un authentique cadre oriental.<br \/>\nVenez d\u00e9guster les plats embl\u00e9matiques de la cuisine nord africaine servis avec courtoisie : couscous, tagines et \u00e9galement des grillades.<\/p>\n<p>Le PALMIER dispose d&rsquo;une grande salle s\u00e9par\u00e9e en trois zones, d&rsquo;une autre salle ind\u00e9pendante ainsi qu\u2019une terrasse, le tout pouvant \u00eatre privatis\u00e9 totalement ou partiellement pour vos \u00e9v\u00e9nements priv\u00e9s ou professionnels.<\/p>\n<p>&nbsp;<\/p>\n<p style=\"text-align: center;\"><div id=\"metaslider-id-295\" style=\"width: 100%; margin: 0 auto;\" class=\"ml-slider-3-97-0 metaslider metaslider-flex metaslider-295 ml-slider ms-theme-default\" role=\"region\" aria-roledescription=\"Slideshow\" aria-label=\"EXTERIEUR\" data-width=\"800\">\n    <div id=\"metaslider_container_295\">\n        <div id=\"metaslider_295\">\n            <ul class='slides'>\n                <li style=\"display: block; width: 100%;\" class=\"slide-304 ms-image \" aria-roledescription=\"slide\" aria-label=\"slide-304\" data-date=\"2022-05-10 00:13:26\"><img loading=\"lazy\" decoding=\"async\" src=\"https:\/\/www.le-palmier-montigny.com\/wp-content\/uploads\/2022\/05\/exterieur_3.jpg\" height=\"533\" width=\"800\" alt=\"\" class=\"slider-295 slide-304\" title=\"exterieur_3\" \/><div class=\"caption-wrap\"><div class=\"caption\">Le Palmier<\/div><\/div><\/li>\n                <li style=\"display: none; width: 100%;\" class=\"slide-305 ms-image \" aria-roledescription=\"slide\" aria-label=\"slide-305\" data-date=\"2022-05-10 00:13:27\"><img loading=\"lazy\" decoding=\"async\" src=\"https:\/\/www.le-palmier-montigny.com\/wp-content\/uploads\/2022\/05\/exterieur_terrasse.jpg\" height=\"533\" width=\"800\" alt=\"\" class=\"slider-295 slide-305\" title=\"exterieur_terrasse\" \/><div class=\"caption-wrap\"><div class=\"caption\">La terrasse<\/div><\/div><\/li>\n                <li style=\"display: none; width: 100%;\" class=\"slide-306 ms-image \" aria-roledescription=\"slide\" aria-label=\"slide-306\" data-date=\"2022-05-10 00:13:27\"><img loading=\"lazy\" decoding=\"async\" src=\"https:\/\/www.le-palmier-montigny.com\/wp-content\/uploads\/2022\/05\/exterieur-nuit_1.jpg\" height=\"533\" width=\"800\" alt=\"\" class=\"slider-295 slide-306\" title=\"exterieur-nuit_1\" \/><div class=\"caption-wrap\"><div class=\"caption\">La terrasse<\/div><\/div><\/li>\n                <li style=\"display: none; width: 100%;\" class=\"slide-307 ms-image \" aria-roledescription=\"slide\" aria-label=\"slide-307\" data-date=\"2022-05-10 00:13:28\"><img loading=\"lazy\" decoding=\"async\" src=\"https:\/\/www.le-palmier-montigny.com\/wp-content\/uploads\/2022\/05\/exterieur-nuit_2.jpg\" height=\"533\" width=\"800\" alt=\"\" class=\"slider-295 slide-307\" title=\"exterieur-nuit_2\" \/><div class=\"caption-wrap\"><div class=\"caption\">L'entr\u00e9e <\/div><\/div><\/li>\n                <li style=\"display: none; width: 100%;\" class=\"slide-316 ms-image \" aria-roledescription=\"slide\" aria-label=\"slide-316\" data-date=\"2022-05-10 00:18:30\"><img loading=\"lazy\" decoding=\"async\" src=\"https:\/\/www.le-palmier-montigny.com\/wp-content\/uploads\/2022\/05\/salle_1.jpg\" height=\"533\" width=\"800\" alt=\"\" class=\"slider-295 slide-316\" title=\"salle_1\" \/><div class=\"caption-wrap\"><div class=\"caption\">Salle ind\u00e9pendante<\/div><\/div><\/li>\n                <li style=\"display: none; width: 100%;\" class=\"slide-317 ms-image \" aria-roledescription=\"slide\" aria-label=\"slide-317\" data-date=\"2022-05-10 00:18:31\"><img loading=\"lazy\" decoding=\"async\" src=\"https:\/\/www.le-palmier-montigny.com\/wp-content\/uploads\/2022\/05\/salle_2.jpg\" height=\"533\" width=\"800\" alt=\"\" class=\"slider-295 slide-317\" title=\"salle_2\" \/><div class=\"caption-wrap\"><div class=\"caption\">Grande salle - Zones 1 et 2<\/div><\/div><\/li>\n                <li style=\"display: none; width: 100%;\" class=\"slide-318 ms-image \" aria-roledescription=\"slide\" aria-label=\"slide-318\" data-date=\"2022-05-10 00:18:31\"><img loading=\"lazy\" decoding=\"async\" src=\"https:\/\/www.le-palmier-montigny.com\/wp-content\/uploads\/2022\/05\/salle_3.jpg\" height=\"533\" width=\"800\" alt=\"\" class=\"slider-295 slide-318\" title=\"salle_3\" \/><div class=\"caption-wrap\"><div class=\"caption\">Grande salle - Zone 3<\/div><\/div><\/li>\n                <li style=\"display: none; width: 100%;\" class=\"slide-321 ms-image \" aria-roledescription=\"slide\" aria-label=\"slide-321\" data-date=\"2022-05-10 00:18:32\"><img loading=\"lazy\" decoding=\"async\" src=\"https:\/\/www.le-palmier-montigny.com\/wp-content\/uploads\/2022\/05\/salle_6.jpg\" height=\"533\" width=\"800\" alt=\"\" class=\"slider-295 slide-321\" title=\"salle_6\" \/><div class=\"caption-wrap\"><div class=\"caption\">Grande salle - Zone 3<\/div><\/div><\/li>\n            <\/ul>\n        <\/div>\n        \n    <\/div>\n<\/div><\/p>\n<p>&nbsp;<\/p>\n<p>&nbsp;<\/p>\n<p>&nbsp;<\/p>\n","protected":false},"excerpt":{"rendered":"<p>&nbsp; Bienvenue Le restaurant LE PALMIER vous invite \u00e0 un voyage culinaire et vous serez accueillis avec chaleur dans un authentique cadre oriental. Venez d\u00e9guster les plats embl\u00e9matiques de la [&hellip;]<\/p>\n","protected":false},"author":1,"featured_media":0,"parent":0,"menu_order":0,"comment_status":"closed","ping_status":"closed","template":"","meta":{"footnotes":""},"_links":{"self":[{"href":"https:\/\/www.le-palmier-montigny.com\/index.php\/wp-json\/wp\/v2\/pages\/21"}],"collection":[{"href":"https:\/\/www.le-palmier-montigny.com\/index.php\/wp-json\/wp\/v2\/pages"}],"about":[{"href":"https:\/\/www.le-palmier-montigny.com\/index.php\/wp-json\/wp\/v2\/types\/page"}],"author":[{"embeddable":true,"href":"https:\/\/www.le-palmier-montigny.com\/index.php\/wp-json\/wp\/v2\/users\/1"}],"replies":[{"embeddable":true,"href":"https:\/\/www.le-palmier-montigny.com\/index.php\/wp-json\/wp\/v2\/comments?post=21"}],"version-history":[{"count":9,"href":"https:\/\/www.le-palmier-montigny.com\/index.php\/wp-json\/wp\/v2\/pages\/21\/revisions"}],"predecessor-version":[{"id":396,"href":"https:\/\/www.le-palmier-montigny.com\/index.php\/wp-json\/wp\/v2\/pages\/21\/revisions\/396"}],"wp:attachment":[{"href":"https:\/\/www.le-palmier-montigny.com\/index.php\/wp-json\/wp\/v2\/media?parent=21"}],"curies":[{"name":"wp","href":"https:\/\/api.w.org\/{rel}","templated":true}]}}